{"id":2456,"date":"2018-06-09T07:32:47","date_gmt":"2018-06-09T05:32:47","guid":{"rendered":"http:\/\/jblanz.de\/WP\/?page_id=2456"},"modified":"2023-12-20T15:03:53","modified_gmt":"2023-12-20T14:03:53","slug":"impressum","status":"publish","type":"page","link":"https:\/\/jblanz.de\/WP\/impressum\/","title":{"rendered":"Impressum"},"content":{"rendered":"<pre>Angaben gem\u00e4\u00df \u00a7 5 TMG\n\nBetreiber dieser Webseite\n\nJoachim Blanz\nReifhalde 8\n79585 Steinen\n\nKontakt:\nE-Mail: Joachim.Blanz(at)gmx.de\n\nHaftungsausschluss:\n\nHaftung f\u00fcr Inhalte\nDie Inhalte unserer Seiten wurden mit gr\u00f6\u00dfter Sorgfalt erstellt. F\u00fcr die \nRichtigkeit, Vollst\u00e4ndigkeit und Aktualit\u00e4t der Inhalte k\u00f6nnen wir jedoch \nkeine Gew\u00e4hr \u00fcbernehmen. Als Diensteanbieter sind wir gem\u00e4\u00df \u00a7 7 Abs.1 TMG \nf\u00fcr eigene Inhalte auf diesen Seiten nach den allgemeinen Gesetzen verant-\nwortlich. Nach \u00a7\u00a7 8 bis 10 TMG sind wir als Diensteanbieter jedoch nicht \nverpflichtet, \u00fcbermittelte oder gespeicherte fremde Informationen zu \u00fcber-\nwachen oder nach Umst\u00e4nden zu forschen, die auf eine rechtswidrige T\u00e4tigkeit \nhinweisen. Verpflichtungen zur Entfernung oder Sperrung der Nutzung von Infor-\nmationen nach den allgemeinen Gesetzen bleiben hiervon unber\u00fchrt. Eine dies-\nbez\u00fcgliche Haftung ist jedoch erst ab dem Zeitpunkt der Kenntnis einer kon-\nkreten Rechtsverletzung m\u00f6glich. Bei Bekanntwerden von entsprechenden Rechts-\nverletzungen werden wir diese Inhalte umgehend entfernen.\n\nHaftung f\u00fcr Links\nUnser Angebot enth\u00e4lt Links zu externen Webseiten Dritter, auf deren Inhalte \nwir keinen Einfluss haben. Deshalb k\u00f6nnen wir f\u00fcr diese fremden Inhalte auch \nkeine Gew\u00e4hr \u00fcbernehmen. F\u00fcr die Inhalte der verlinkten Seiten ist stets der \njeweilige Anbieter oder Betreiber der Seiten verantwortlich. Die verlinkten \nSeiten wurden zum Zeitpunkt der Verlinkung auf m\u00f6gliche Rechtsverst\u00f6\u00dfe \u00fcber-\npr\u00fcft. Rechtswidrige Inhalte waren zum Zeitpunkt der Verlinkung nicht erkenn-\nbar. Eine permanente inhaltliche Kontrolle der verlinkten Seiten ist jedoch \nohne konkrete Anhaltspunkte einer Rechtsverletzung nicht zumutbar. Bei Bekannt-\nwerden von Rechtsverletzungen werden wir derartige Links umgehend entfernen.\n\nUrheberrecht\n\nDie durch die Seitenbetreiber erstellten Inhalte und Werke auf diesen Seiten \nunterliegen dem deutschen Urheberrecht. Die Vervielf\u00e4ltigung, Bearbeitung, \nVerbreitung und jede Art der Verwertung au\u00dferhalb der Grenzen des Urheberrechtes \nbed\u00fcrfen der schriftlichen Zustimmung des jeweiligen Autors bzw. Erstellers. \nDownloads und Kopien dieser Seite sind nur f\u00fcr den privaten, nicht kommerziellen \nGebrauch gestattet. Soweit die Inhalte auf dieser Seite nicht vom Betreiber er-\nstellt wurden, werden die Urheberrechte Dritter beachtet. Insbesondere werden \nInhalte Dritter als solche gekennzeichnet. Sollten Sie trotzdem auf eine Urheber-\nrechtsverletzung aufmerksam werden, bitten wir um einen entsprechenden Hinweis. \nBei Bekanntwerden von Rechtsverletzungen werden wir derartige Inhalte umgehend \nentfernen.\n\nDatenschutz\nDie Nutzung unserer Webseite ist in der Regel ohne Angabe personenbezogener Daten \nm\u00f6glich. Soweit auf unseren Seiten personenbezogene Daten (beispielsweise Name, \nAnschrift oder eMail-Adressen) erhoben werden, erfolgt dies, soweit m\u00f6glich, stets \nauf freiwilliger Basis. Diese Daten werden ohne Ihre ausdr\u00fcckliche Zustimmung nicht \nan Dritte weitergegeben. Wir weisen darauf hin, dass die Daten\u00fcbertragung im Internet \n(z.B. bei der Kommunikation per E-Mail) Sicherheitsl\u00fccken aufweisen kann. Ein l\u00fccken-\nloser Schutz der Daten vor dem Zugriff durch Dritte ist nicht m\u00f6glich.\nDer Nutzung von im Rahmen der Impressumspflicht ver\u00f6ffentlichten Kontaktdaten durch \nDritte zur \u00dcbersendung von nicht ausdr\u00fccklich angeforderter Werbung und Informations-\nmaterialien wird hiermit ausdr\u00fccklich widersprochen. Die Betreiber der Seiten behalten \nsich ausdr\u00fccklich rechtliche Schritte im Falle der unverlangten Zusendung von Werbe-\ninformationen, etwa durch Spam-Mails, vor.\n\nGoogle Analytics\nDiese Website benutzt Google Analytics, einen Webanalysedienst der Google Inc. \n(''Google''). Google Analytics verwendet sog. ''Cookies'', Textdateien, die auf Ihrem \nComputer gespeichert werden und die eine Analyse der Benutzung der Website durch Sie \nerm\u00f6glicht. Die durch den Cookie erzeugten Informationen \u00fcber Ihre Benutzung dieser \nWebsite (einschlie\u00dflich Ihrer IP-Adresse) wird an einen Server von Google in den USA \n\u00fcbertragen und dort gespeichert. Google wird diese Informationen benutzen, um Ihre \nNutzung der Website auszuwerten, um Reports \u00fcber die Websiteaktivit\u00e4ten f\u00fcr die Web-\nsitebetreiber zusammenzustellen und um weitere mit der Websitenutzung und der Inter-\nnetnutzung verbundene Dienstleistungen zu erbringen. Auch wird Google diese Informa-\ntionen gegebenenfalls an Dritte \u00fcbertragen, sofern dies gesetzlich vorgeschrieben oder \nsoweit Dritte diese Daten im Auftrag von Google verarbeiten. Google wird in keinem Fall \nIhre IP-Adresse mit anderen Daten der Google in Verbindung bringen. Sie k\u00f6nnen die In-\nstallation der Cookies durch eine entsprechende Einstellung Ihrer Browser Software ver-\nhindern. Wir weisen Sie jedoch darauf hin, dass Sie in diesem Fall gegebenenfalls nicht \ns\u00e4mtliche Funktionen dieser Website voll umf\u00e4nglich nutzen k\u00f6nnen.\n\n<em>Durch die Nutzung dieser Website erkl\u00e4ren Sie sich mit der Bearbeitung der \u00fcber Sie \nerhobenen Daten durch Google in der zuvor beschriebenen Art und Weise und zu dem zuvor \nbenannten Zweck einverstanden.<\/em><\/pre>\n","protected":false},"excerpt":{"rendered":"<p>Angaben gem\u00e4\u00df \u00a7 5 TMG Betreiber dieser Webseite Joachim Blanz Reifhalde 8 79585 Steinen Kontakt: E-Mail: Joachim.Blanz(at)gmx.de Haftungsausschluss: Haftung f\u00fcr<\/p>\n","protected":false},"author":1,"featured_media":0,"parent":0,"menu_order":0,"comment_status":"closed","ping_status":"closed","template":"","meta":{"colormag_page_container_layout":"no_sidebar_full_width","colormag_page_sidebar_layout":"right_sidebar","footnotes":""},"class_list":["post-2456","page","type-page","status-publish","hentry"],"yoast_head":"<!-- This site is optimized with the Yoast SEO plugin v27.3 - https:\/\/yoast.com\/product\/yoast-seo-wordpress\/ -->\n<title>Impressum - Reiseblog von Karin &amp; Joachim<\/title>\n<meta name=\"robots\" content=\"index, follow, max-snippet:-1, max-image-preview:large, max-video-preview:-1\" \/>\n<link rel=\"canonical\" href=\"https:\/\/jblanz.de\/WP\/impressum\/\" \/>\n<meta property=\"og:locale\" content=\"de_DE\" \/>\n<meta property=\"og:type\" content=\"article\" \/>\n<meta property=\"og:title\" content=\"Impressum - Reiseblog von Karin &amp; Joachim\" \/>\n<meta property=\"og:description\" content=\"Angaben gem\u00e4\u00df \u00a7 5 TMG Betreiber dieser Webseite Joachim Blanz Reifhalde 8 79585 Steinen Kontakt: E-Mail: Joachim.Blanz(at)gmx.de Haftungsausschluss: Haftung f\u00fcr\" \/>\n<meta property=\"og:url\" content=\"https:\/\/jblanz.de\/WP\/impressum\/\" \/>\n<meta property=\"og:site_name\" content=\"Reiseblog von Karin &amp; Joachim\" \/>\n<meta property=\"article:modified_time\" content=\"2023-12-20T14:03:53+00:00\" \/>\n<meta name=\"twitter:card\" content=\"summary_large_image\" \/>\n<script type=\"application\/ld+json\" class=\"yoast-schema-graph\">{\"@context\":\"https:\\\/\\\/schema.org\",\"@graph\":[{\"@type\":\"WebPage\",\"@id\":\"https:\\\/\\\/jblanz.de\\\/WP\\\/impressum\\\/\",\"url\":\"https:\\\/\\\/jblanz.de\\\/WP\\\/impressum\\\/\",\"name\":\"Impressum - Reiseblog von Karin &amp; Joachim\",\"isPartOf\":{\"@id\":\"https:\\\/\\\/jblanz.de\\\/WP\\\/#website\"},\"datePublished\":\"2018-06-09T05:32:47+00:00\",\"dateModified\":\"2023-12-20T14:03:53+00:00\",\"breadcrumb\":{\"@id\":\"https:\\\/\\\/jblanz.de\\\/WP\\\/impressum\\\/#breadcrumb\"},\"inLanguage\":\"de\",\"potentialAction\":[{\"@type\":\"ReadAction\",\"target\":[\"https:\\\/\\\/jblanz.de\\\/WP\\\/impressum\\\/\"]}]},{\"@type\":\"BreadcrumbList\",\"@id\":\"https:\\\/\\\/jblanz.de\\\/WP\\\/impressum\\\/#breadcrumb\",\"itemListElement\":[{\"@type\":\"ListItem\",\"position\":1,\"name\":\"Startseite\",\"item\":\"https:\\\/\\\/jblanz.de\\\/WP\\\/\"},{\"@type\":\"ListItem\",\"position\":2,\"name\":\"Impressum\"}]},{\"@type\":\"WebSite\",\"@id\":\"https:\\\/\\\/jblanz.de\\\/WP\\\/#website\",\"url\":\"https:\\\/\\\/jblanz.de\\\/WP\\\/\",\"name\":\"Reiseblog von Karin & Joachim\",\"description\":\"Wir schreiben den Blog f\u00fcr uns als Erinnerung - f\u00fcr euch als Inspiration\",\"publisher\":{\"@id\":\"https:\\\/\\\/jblanz.de\\\/WP\\\/#\\\/schema\\\/person\\\/17a70f07162e42bc0b181c22397286e0\"},\"potentialAction\":[{\"@type\":\"SearchAction\",\"target\":{\"@type\":\"EntryPoint\",\"urlTemplate\":\"https:\\\/\\\/jblanz.de\\\/WP\\\/?s={search_term_string}\"},\"query-input\":{\"@type\":\"PropertyValueSpecification\",\"valueRequired\":true,\"valueName\":\"search_term_string\"}}],\"inLanguage\":\"de\"},{\"@type\":[\"Person\",\"Organization\"],\"@id\":\"https:\\\/\\\/jblanz.de\\\/WP\\\/#\\\/schema\\\/person\\\/17a70f07162e42bc0b181c22397286e0\",\"name\":\"Achim\",\"image\":{\"@type\":\"ImageObject\",\"inLanguage\":\"de\",\"@id\":\"https:\\\/\\\/secure.gravatar.com\\\/avatar\\\/b7ab31bc55956af4a9bebf7fd034761212b11b803b7e39464914d6abeefb12f3?s=96&d=mm&r=g\",\"url\":\"https:\\\/\\\/secure.gravatar.com\\\/avatar\\\/b7ab31bc55956af4a9bebf7fd034761212b11b803b7e39464914d6abeefb12f3?s=96&d=mm&r=g\",\"contentUrl\":\"https:\\\/\\\/secure.gravatar.com\\\/avatar\\\/b7ab31bc55956af4a9bebf7fd034761212b11b803b7e39464914d6abeefb12f3?s=96&d=mm&r=g\",\"caption\":\"Achim\"},\"logo\":{\"@id\":\"https:\\\/\\\/secure.gravatar.com\\\/avatar\\\/b7ab31bc55956af4a9bebf7fd034761212b11b803b7e39464914d6abeefb12f3?s=96&d=mm&r=g\"}}]}<\/script>\n<!-- \/ Yoast SEO plugin. -->","yoast_head_json":{"title":"Impressum - Reiseblog von Karin &amp; Joachim","robots":{"index":"index","follow":"follow","max-snippet":"max-snippet:-1","max-image-preview":"max-image-preview:large","max-video-preview":"max-video-preview:-1"},"canonical":"https:\/\/jblanz.de\/WP\/impressum\/","og_locale":"de_DE","og_type":"article","og_title":"Impressum - Reiseblog von Karin &amp; Joachim","og_description":"Angaben gem\u00e4\u00df \u00a7 5 TMG Betreiber dieser Webseite Joachim Blanz Reifhalde 8 79585 Steinen Kontakt: E-Mail: Joachim.Blanz(at)gmx.de Haftungsausschluss: Haftung f\u00fcr","og_url":"https:\/\/jblanz.de\/WP\/impressum\/","og_site_name":"Reiseblog von Karin &amp; Joachim","article_modified_time":"2023-12-20T14:03:53+00:00","twitter_card":"summary_large_image","schema":{"@context":"https:\/\/schema.org","@graph":[{"@type":"WebPage","@id":"https:\/\/jblanz.de\/WP\/impressum\/","url":"https:\/\/jblanz.de\/WP\/impressum\/","name":"Impressum - Reiseblog von Karin &amp; Joachim","isPartOf":{"@id":"https:\/\/jblanz.de\/WP\/#website"},"datePublished":"2018-06-09T05:32:47+00:00","dateModified":"2023-12-20T14:03:53+00:00","breadcrumb":{"@id":"https:\/\/jblanz.de\/WP\/impressum\/#breadcrumb"},"inLanguage":"de","potentialAction":[{"@type":"ReadAction","target":["https:\/\/jblanz.de\/WP\/impressum\/"]}]},{"@type":"BreadcrumbList","@id":"https:\/\/jblanz.de\/WP\/impressum\/#breadcrumb","itemListElement":[{"@type":"ListItem","position":1,"name":"Startseite","item":"https:\/\/jblanz.de\/WP\/"},{"@type":"ListItem","position":2,"name":"Impressum"}]},{"@type":"WebSite","@id":"https:\/\/jblanz.de\/WP\/#website","url":"https:\/\/jblanz.de\/WP\/","name":"Reiseblog von Karin & Joachim","description":"Wir schreiben den Blog f\u00fcr uns als Erinnerung - f\u00fcr euch als Inspiration","publisher":{"@id":"https:\/\/jblanz.de\/WP\/#\/schema\/person\/17a70f07162e42bc0b181c22397286e0"},"potentialAction":[{"@type":"SearchAction","target":{"@type":"EntryPoint","urlTemplate":"https:\/\/jblanz.de\/WP\/?s={search_term_string}"},"query-input":{"@type":"PropertyValueSpecification","valueRequired":true,"valueName":"search_term_string"}}],"inLanguage":"de"},{"@type":["Person","Organization"],"@id":"https:\/\/jblanz.de\/WP\/#\/schema\/person\/17a70f07162e42bc0b181c22397286e0","name":"Achim","image":{"@type":"ImageObject","inLanguage":"de","@id":"https:\/\/secure.gravatar.com\/avatar\/b7ab31bc55956af4a9bebf7fd034761212b11b803b7e39464914d6abeefb12f3?s=96&d=mm&r=g","url":"https:\/\/secure.gravatar.com\/avatar\/b7ab31bc55956af4a9bebf7fd034761212b11b803b7e39464914d6abeefb12f3?s=96&d=mm&r=g","contentUrl":"https:\/\/secure.gravatar.com\/avatar\/b7ab31bc55956af4a9bebf7fd034761212b11b803b7e39464914d6abeefb12f3?s=96&d=mm&r=g","caption":"Achim"},"logo":{"@id":"https:\/\/secure.gravatar.com\/avatar\/b7ab31bc55956af4a9bebf7fd034761212b11b803b7e39464914d6abeefb12f3?s=96&d=mm&r=g"}}]}},"_links":{"self":[{"href":"https:\/\/jblanz.de\/WP\/wp-json\/wp\/v2\/pages\/2456","targetHints":{"allow":["GET"]}}],"collection":[{"href":"https:\/\/jblanz.de\/WP\/wp-json\/wp\/v2\/pages"}],"about":[{"href":"https:\/\/jblanz.de\/WP\/wp-json\/wp\/v2\/types\/page"}],"author":[{"embeddable":true,"href":"https:\/\/jblanz.de\/WP\/wp-json\/wp\/v2\/users\/1"}],"replies":[{"embeddable":true,"href":"https:\/\/jblanz.de\/WP\/wp-json\/wp\/v2\/comments?post=2456"}],"version-history":[{"count":0,"href":"https:\/\/jblanz.de\/WP\/wp-json\/wp\/v2\/pages\/2456\/revisions"}],"wp:attachment":[{"href":"https:\/\/jblanz.de\/WP\/wp-json\/wp\/v2\/media?parent=2456"}],"curies":[{"name":"wp","href":"https:\/\/api.w.org\/{rel}","templated":true}]}}